{"id":4,"date":"2012-01-18T14:14:15","date_gmt":"2012-01-18T14:14:15","guid":{"rendered":"http:\/\/slub.telenczuk.pl\/?page_id=4"},"modified":"2012-07-05T22:39:08","modified_gmt":"2012-07-05T22:39:08","slug":"dojazd","status":"publish","type":"page","link":"http:\/\/slub.telenczuk.pl\/?page_id=4","title":{"rendered":"Dojazd\/How to get there"},"content":{"rendered":"<p><img loading=\"lazy\" class=\"icon\" title=\"polish\" src=\"http:\/\/slub.telenczuk.pl\/wp-content\/uploads\/2012\/01\/polnad-e1328355799261.png\" alt=\"\" width=\"40\" height=\"25\" \/><\/p>\n<p>\u015alub odb\u0119dzie si\u0119 w ko\u015bciele Zakonu ojc\u00f3w Franciszkan\u00f3w w Wo\u017anikach, a przyj\u0119cie weselne w Zamku von Treskov w Strykowie. Dok\u0142adna lokalizacja obydwu miejsc zaznaczona jest na mapie u do\u0142u strony. <strong>Prosz\u0119 sp\u00f3jrzcie na t\u0119 map\u0119 zanim zaczniecie planowa\u0107 podr\u00f3\u017c, gdy\u017c\u00a0jest wiele wsi o podobnej nazwie, tak\u017ce w Wielkopolsce.<\/strong><\/p>\n<p>Wo\u017aniki i Strykowo znajduj\u0105 si\u0119 ok. 40 km od Poznania z dogodnym dojazdem z drogi 5 (Wroc\u0142aw-Pozna\u0144) i autostrady A2 (zjazd na Nowy Tomy\u015bl, uwaga droga p\u0142atna!).<\/p>\n<p>Planujemy r\u00f3wnie\u017c zorganizowa\u0107 autobus jad\u0105cy z Poznania do Strykowa, Wo\u017anik i, po udanym \u015blubie, z powrotem do Strykowa. Poza tym mo\u017cliwy jest kurs powrotny do Poznania po weselu. Je\u015bli jeste\u015bcie zainteresowani, prosz\u0119 zg\u0142o\u015bcie nam zapotrzebowanie.<\/p>\n<p>Zobacz r\u00f3wnie\u017c:<\/p>\n<ul>\n<li><a title=\"Zdj\u0119cia dojazdu\/Visual directions\" href=\"http:\/\/slub.telenczuk.pl\/?p=351\">Zdj\u0119cia do dojazdu<\/a><\/li>\n<li><a title=\"Wsp\u00f3\u0142rz\u0119dne\/Coordinates GPS\" href=\"http:\/\/slub.telenczuk.pl\/?p=393\">Wsp\u00f3\u0142rz\u0119dne GPS<\/a><\/li>\n<\/ul>\n<p><img loading=\"lazy\" class=\"icon\" title=\"uk\" src=\"http:\/\/slub.telenczuk.pl\/wp-content\/uploads\/2012\/01\/uk-e1328357651964.png\" alt=\"\" width=\"40\" height=\"24\" \/><\/p>\n<p>The wedding ceremony will take place in the catholic church of Franciscan order in Wo\u017aniki. <strong>There are many villages with the name Wo\u017aniki, so please consult the map below while planning your trip.<\/strong> The reception will take place in Strykowo (Castle von Treskov) that is 10 km away of Wo\u017aniki &#8211; all guests will go there together, so you may follow the &#8220;procession&#8221;, but please make sure you know the way in case you get lost.<\/p>\n<p>We will also organize a bus between Pozna\u0144-Strykowo-Wo\u017aniki. More information you will find below (see By bus section).<\/p>\n<p>See also:<\/p>\n<ul>\n<li><a title=\"Zdj\u0119cia dojazdu\/Visual directions\" href=\"http:\/\/slub.telenczuk.pl\/?p=351\">Photos with the directions<\/a><\/li>\n<li><a title=\"Wsp\u00f3\u0142rz\u0119dne\/Coordinates GPS\" href=\"http:\/\/slub.telenczuk.pl\/?p=393\">GPS coordinates<\/a><\/li>\n<\/ul>\n<h1>By car<\/h1>\n<p>If you arrive from direction Berlin\/Frankfurt Oder, you should take the A2 highway (<a title=\"Highway fee\" href=\"http:\/\/slub.telenczuk.pl\/?p=398\">toll road<\/a>) and take the exit to Nowy Tomy\u015bl\/Grodzisk Wielkopolski and follow the signs to Grodzisk Wielkopolski. From there take the national road 32 towards St\u0119szew. In a village Kotowo turn left to Wo\u017aniki and again turn left to a smaller road in the forest that will lead you to the church (see the <a title=\"Zdj\u0119cia dojazdu\/Visual directions\" href=\"http:\/\/slub.telenczuk.pl\/?p=351\">photos<\/a>).<\/p>\n<p>If you go from Pozna\u0144 or Wroc\u0142aw, take the national road 5 to St\u0119szew then turn towards Grodzisk Wielkopolski\/Strykowo to national road 32 and follow it to Kotowo. In Kotowo turn right to Wo\u017aniki and then turn left again to a small road that goes uphill (see the <a title=\"Zdj\u0119cia dojazdu\/Visual directions\" href=\"http:\/\/slub.telenczuk.pl\/?p=351\">photos<\/a>).<\/p>\n<h1>By train<\/h1>\n<p>Pozna\u0144 is a big railway hub, so you can reach it easily from most European cities (for example, with Berlin-Warszawa Express). From Pozna\u0144 you will have to take the coach which will be organized by us (see below for details) that will take you to the church in Wo\u017aniki.<\/p>\n<h1>By plane<\/h1>\n<p>The closest airports are in Pozna\u0144 (\u0141awica Airport, 40 km), Wroc\u0142aw (Lotnisko Jan-Paw\u0142a II, 163 km) and Berlin (Sch\u00f6nefeld Airport or Tegel Airport, 250 km). From the Pozna\u0144 airport you will have to take the coach to Wo\u017aniki that will be organized by us (see below).<\/p>\n<h1>By bus<\/h1>\n<p>We will organise a bus that will take you from Pozna\u0144 city centre to Strykowo (where the reception will be held) and Wo\u017aniki (the church). <strong>Please let us know if you are interested so we can book a bus with enough sitting places.<\/strong> The bus will also take you from the Castle to the church and back.<\/p>\n<p><em>Update<\/em>: The bus will leave at 13:30 from the parking in front of Mercure Hotel in Pozna\u0144 (Ul. Roosevelta 20\u00a0\u00a060-101 Pozna\u0144). If you want to go by bus, please make sure that you are on the bus list.<\/p>\n<p><iframe src=\"http:\/\/maps.google.com\/maps\/ms?msa=0&amp;msid=203861104516277175302.0004b8219ab5e3e3f3c8e&amp;hl=en&amp;ie=UTF8&amp;t=m&amp;ll=52.3345,16.667633&amp;spn=0.402793,0.878906&amp;z=10&amp;output=embed\" frameborder=\"0\" marginwidth=\"0\" marginheight=\"0\" scrolling=\"no\" width=\"640\" height=\"480\"><\/iframe><br \/>\n<small>View <a style=\"color: #0000ff; text-align: left;\" href=\"http:\/\/maps.google.com\/maps\/ms?msa=0&amp;msid=203861104516277175302.0004b8219ab5e3e3f3c8e&amp;hl=en&amp;ie=UTF8&amp;t=m&amp;ll=52.3345,16.667633&amp;spn=0.402793,0.878906&amp;z=10&amp;source=embed\">\u015alub<\/a> in a larger map<\/small><\/p>\n<p>&nbsp;<\/p>\n","protected":false},"excerpt":{"rendered":"<p>\u015alub odb\u0119dzie si\u0119 w ko\u015bciele Zakonu ojc\u00f3w Franciszkan\u00f3w w Wo\u017anikach, a przyj\u0119cie weselne w Zamku von Treskov w Strykowie. Dok\u0142adna lokalizacja obydwu miejsc zaznaczona jest na mapie u do\u0142u strony. Prosz\u0119 sp\u00f3jrzcie na t\u0119 map\u0119 zanim zaczniecie planowa\u0107 podr\u00f3\u017c, gdy\u017c\u00a0jest &hellip; <a href=\"http:\/\/slub.telenczuk.pl\/?page_id=4\">Continue reading <span class=\"meta-nav\">&rarr;<\/span><\/a><\/p>\n","protected":false},"author":1,"featured_media":0,"parent":0,"menu_order":2,"comment_status":"open","ping_status":"open","template":"","meta":[],"_links":{"self":[{"href":"http:\/\/slub.telenczuk.pl\/index.php?rest_route=\/wp\/v2\/pages\/4"}],"collection":[{"href":"http:\/\/slub.telenczuk.pl\/index.php?rest_route=\/wp\/v2\/pages"}],"about":[{"href":"http:\/\/slub.telenczuk.pl\/index.php?rest_route=\/wp\/v2\/types\/page"}],"author":[{"embeddable":true,"href":"http:\/\/slub.telenczuk.pl\/index.php?rest_route=\/wp\/v2\/users\/1"}],"replies":[{"embeddable":true,"href":"http:\/\/slub.telenczuk.pl\/index.php?rest_route=%2Fwp%2Fv2%2Fcomments&post=4"}],"version-history":[{"count":33,"href":"http:\/\/slub.telenczuk.pl\/index.php?rest_route=\/wp\/v2\/pages\/4\/revisions"}],"predecessor-version":[{"id":9,"href":"http:\/\/slub.telenczuk.pl\/index.php?rest_route=\/wp\/v2\/pages\/4\/revisions\/9"}],"wp:attachment":[{"href":"http:\/\/slub.telenczuk.pl\/index.php?rest_route=%2Fwp%2Fv2%2Fmedia&parent=4"}],"curies":[{"name":"wp","href":"https:\/\/api.w.org\/{rel}","templated":true}]}}